{"id":19,"date":"2023-05-04T21:46:34","date_gmt":"2023-05-04T19:46:34","guid":{"rendered":"http:\/\/kalisz-notariusz.pl\/?page_id=19"},"modified":"2023-05-04T21:46:34","modified_gmt":"2023-05-04T19:46:34","slug":"tworz-swoja-witryne-za-pomoca-blokow","status":"publish","type":"page","link":"https:\/\/kalisz-notariusz.pl\/","title":{"rendered":""},"content":{"rendered":"\n<p>Szanowni Pa\u0144stwo,<\/p>\n\n\n\n<p>Witam serdecznie na stronie internetowej mojej Kancelarii Notarialnej.<\/p>\n\n\n\n<p>Kancelaria Notarialna Joanny \u015aliwakowskiej-Walaszczyk \u2013 notariusza w Kaliszu zapewnia profesjonaln\u0105 obs\u0142ug\u0119 w zakresie dokonywania czynno\u015bci notarialnych, zgodnie z powszechnie obowi\u0105zuj\u0105cymi przepisami prawa, przy poszanowaniu zasad etyki zawodowej, zapewniaj\u0105c w ten spos\u00f3b stronom czynno\u015bci notarialnych bezpiecze\u0144stwo obrotu prawnego.<\/p>\n\n\n\n<p>Zapraszam do skorzystania z us\u0142ug mojej kancelarii.<\/p>\n\n\n\n<p><br>Z powa\u017caniem,<\/p>\n\n\n\n<p>Joanna \u015aliwakowska-Walaszczyk<\/p>\n\n\n\n<p>Notariusz<\/p>\n","protected":false},"excerpt":{"rendered":"<p>Szanowni Pa\u0144stwo, Witam serdecznie na stronie internetowej mojej Kancelarii Notarialnej. Kancelaria Notarialna Joanny \u015aliwakowskiej-Walaszczyk \u2013 notariusza w Kaliszu zapewnia profesjonaln\u0105 obs\u0142ug\u0119 w zakresie dokonywania czynno\u015bci notarialnych, zgodnie z powszechnie obowi\u0105zuj\u0105cymi przepisami prawa, przy poszanowaniu zasad etyki zawodowej, zapewniaj\u0105c w ten spos\u00f3b stronom czynno\u015bci notarialnych bezpiecze\u0144stwo obrotu prawnego. Zapraszam do skorzystania z us\u0142ug mojej kancelarii. Z &hellip; <\/p>\n","protected":false},"author":1,"featured_media":0,"parent":0,"menu_order":0,"comment_status":"closed","ping_status":"closed","template":"","meta":{"footnotes":""},"class_list":["post-19","page","type-page","status-publish","hentry"],"_links":{"self":[{"href":"https:\/\/kalisz-notariusz.pl\/index.php?rest_route=\/wp\/v2\/pages\/19","targetHints":{"allow":["GET"]}}],"collection":[{"href":"https:\/\/kalisz-notariusz.pl\/index.php?rest_route=\/wp\/v2\/pages"}],"about":[{"href":"https:\/\/kalisz-notariusz.pl\/index.php?rest_route=\/wp\/v2\/types\/page"}],"author":[{"embeddable":true,"href":"https:\/\/kalisz-notariusz.pl\/index.php?rest_route=\/wp\/v2\/users\/1"}],"replies":[{"embeddable":true,"href":"https:\/\/kalisz-notariusz.pl\/index.php?rest_route=%2Fwp%2Fv2%2Fcomments&post=19"}],"version-history":[{"count":3,"href":"https:\/\/kalisz-notariusz.pl\/index.php?rest_route=\/wp\/v2\/pages\/19\/revisions"}],"predecessor-version":[{"id":88,"href":"https:\/\/kalisz-notariusz.pl\/index.php?rest_route=\/wp\/v2\/pages\/19\/revisions\/88"}],"wp:attachment":[{"href":"https:\/\/kalisz-notariusz.pl\/index.php?rest_route=%2Fwp%2Fv2%2Fmedia&parent=19"}],"curies":[{"name":"wp","href":"https:\/\/api.w.org\/{rel}","templated":true}]}}