{"id":59,"date":"2023-05-04T21:46:34","date_gmt":"2023-05-04T19:46:34","guid":{"rendered":"http:\/\/kalisz-notariusz.pl\/?page_id=59"},"modified":"2023-05-04T21:46:34","modified_gmt":"2023-05-04T19:46:34","slug":"kancelaria","status":"publish","type":"page","link":"https:\/\/kalisz-notariusz.pl\/?page_id=59","title":{"rendered":"Kancelaria"},"content":{"rendered":"\n<p>Kancelaria Notarialna znajduje si\u0119 w zabytkowej kamienicy po\u0142o\u017conej w samym centrum miasta Kalisza, przy ulicy Browarnej nr 10,\u00a0na parterze budynku. Kamienica usytuowana jest bezpo\u015brednio przy Parku Miejskim, nad rzek\u0105 Prosn\u0105, w bliskim s\u0105siedztwie nowopowsta\u0142ych bulwar\u00f3w kaliskich. Na za\u0142\u0105czonej mapie mog\u0105 Pa\u0144stwo sprawdzi\u0107 dok\u0142adn\u0105 lokalizacj\u0119.<\/p>\n\n\n\n<p>Przy budynku znajduj\u0105 si\u0119 liczne miejsca parkingowe, zar\u00f3wno przy ul. Browarnej jak i przy ul. Kazimierzowskiej.<\/p>\n\n\n\n<p>Kancelaria czynna jest w dni powszednie w godzinach od 8.30 do 16.00.<\/p>\n\n\n\n<p>Po wcze\u015bniejszym uzgodnieniu mo\u017cliwe jest dokonywanie czynno\u015bci notarialnych poza sta\u0142ymi godzinami urz\u0119dowania, w tym r\u00f3wnie\u017c w soboty, a je\u017celi przemawia za tym charakter czynno\u015bci lub szczeg\u00f3lne okoliczno\u015bci, zgodnie z art. 3 \u00a7 2 ustawy z dnia 14 lutego 1991 roku \u2013 Prawo o notariacie, r\u00f3wnie\u017c poza siedzib\u0105 kancelarii.<\/p>\n\n\n\n<p>W kancelarii oferuj\u0119 mo\u017cliwo\u015b\u0107 p\u0142atno\u015bci kartami p\u0142atniczymi Visa oraz Mastercard, oferuj\u0119 r\u00f3wnie\u017c bezprzewodowy dost\u0119p do sieci Internet. W trosce o komfort moich klient\u00f3w wszystkie pomieszczenia w kancelarii s\u0105 klimatyzowane.<\/p>\n\n\n\n<p>Godziny urz\u0119dowania:<\/p>\n\n\n\n<p>poniedzia\u0142ek \u2013 pi\u0105tek 08:30-16:00<\/p>\n\n\n\n<p>inne terminy po wcze\u015bniejszym uzgodnieniu<\/p>\n\n\n\n<p>tel. 577-788-743<\/p>\n\n\n\n<p>e-mail: kancelaria@kalisz-notariusz.pl<\/p>\n\n\n\n<figure class=\"wp-block-gallery has-nested-images columns-default is-cropped wp-block-gallery-1 is-layout-flex wp-block-gallery-is-layout-flex\">\n<figure class=\"wp-block-image size-large\"><img loading=\"lazy\" decoding=\"async\" width=\"1024\" height=\"768\" data-id=\"61\" src=\"http:\/\/kalisz-notariusz.pl\/wp-content\/uploads\/2023\/04\/20230416_121935-1-1024x768.jpg\" alt=\"\" class=\"wp-image-61\" srcset=\"https:\/\/kalisz-notariusz.pl\/wp-content\/uploads\/2023\/04\/20230416_121935-1-1024x768.jpg 1024w, https:\/\/kalisz-notariusz.pl\/wp-content\/uploads\/2023\/04\/20230416_121935-1-300x225.jpg 300w, https:\/\/kalisz-notariusz.pl\/wp-content\/uploads\/2023\/04\/20230416_121935-1-768x576.jpg 768w, https:\/\/kalisz-notariusz.pl\/wp-content\/uploads\/2023\/04\/20230416_121935-1-1536x1152.jpg 1536w, https:\/\/kalisz-notariusz.pl\/wp-content\/uploads\/2023\/04\/20230416_121935-1-2048x1536.jpg 2048w, https:\/\/kalisz-notariusz.pl\/wp-content\/uploads\/2023\/04\/20230416_121935-1-1568x1176.jpg 1568w\" sizes=\"auto, (max-width: 1024px) 100vw, 1024px\" \/><\/figure>\n<\/figure>\n\n\n\n<figure class=\"wp-block-gallery has-nested-images columns-default is-cropped wp-block-gallery-2 is-layout-flex wp-block-gallery-is-layout-flex\">\n<figure class=\"wp-block-image size-large\"><img loading=\"lazy\" decoding=\"async\" width=\"768\" height=\"1024\" data-id=\"64\" src=\"http:\/\/kalisz-notariusz.pl\/wp-content\/uploads\/2023\/04\/20230415_133847-1-768x1024.jpg\" alt=\"\" class=\"wp-image-64\" srcset=\"https:\/\/kalisz-notariusz.pl\/wp-content\/uploads\/2023\/04\/20230415_133847-1-768x1024.jpg 768w, https:\/\/kalisz-notariusz.pl\/wp-content\/uploads\/2023\/04\/20230415_133847-1-225x300.jpg 225w, https:\/\/kalisz-notariusz.pl\/wp-content\/uploads\/2023\/04\/20230415_133847-1-1152x1536.jpg 1152w, https:\/\/kalisz-notariusz.pl\/wp-content\/uploads\/2023\/04\/20230415_133847-1-1536x2048.jpg 1536w, https:\/\/kalisz-notariusz.pl\/wp-content\/uploads\/2023\/04\/20230415_133847-1-1568x2091.jpg 1568w, https:\/\/kalisz-notariusz.pl\/wp-content\/uploads\/2023\/04\/20230415_133847-1-scaled.jpg 1920w\" sizes=\"auto, (max-width: 768px) 100vw, 768px\" \/><\/figure>\n<\/figure>\n","protected":false},"excerpt":{"rendered":"<p>Kancelaria Notarialna znajduje si\u0119 w zabytkowej kamienicy po\u0142o\u017conej w samym centrum miasta Kalisza, przy ulicy Browarnej nr 10,\u00a0na parterze budynku. Kamienica usytuowana jest bezpo\u015brednio przy Parku Miejskim, nad rzek\u0105 Prosn\u0105, w bliskim s\u0105siedztwie nowopowsta\u0142ych bulwar\u00f3w kaliskich. Na za\u0142\u0105czonej mapie mog\u0105 Pa\u0144stwo sprawdzi\u0107 dok\u0142adn\u0105 lokalizacj\u0119. Przy budynku znajduj\u0105 si\u0119 liczne miejsca parkingowe, zar\u00f3wno przy ul. Browarnej &hellip; <\/p>\n","protected":false},"author":1,"featured_media":0,"parent":0,"menu_order":0,"comment_status":"closed","ping_status":"closed","template":"","meta":{"footnotes":""},"class_list":["post-59","page","type-page","status-publish","hentry"],"_links":{"self":[{"href":"https:\/\/kalisz-notariusz.pl\/index.php?rest_route=\/wp\/v2\/pages\/59","targetHints":{"allow":["GET"]}}],"collection":[{"href":"https:\/\/kalisz-notariusz.pl\/index.php?rest_route=\/wp\/v2\/pages"}],"about":[{"href":"https:\/\/kalisz-notariusz.pl\/index.php?rest_route=\/wp\/v2\/types\/page"}],"author":[{"embeddable":true,"href":"https:\/\/kalisz-notariusz.pl\/index.php?rest_route=\/wp\/v2\/users\/1"}],"replies":[{"embeddable":true,"href":"https:\/\/kalisz-notariusz.pl\/index.php?rest_route=%2Fwp%2Fv2%2Fcomments&post=59"}],"version-history":[{"count":7,"href":"https:\/\/kalisz-notariusz.pl\/index.php?rest_route=\/wp\/v2\/pages\/59\/revisions"}],"predecessor-version":[{"id":108,"href":"https:\/\/kalisz-notariusz.pl\/index.php?rest_route=\/wp\/v2\/pages\/59\/revisions\/108"}],"wp:attachment":[{"href":"https:\/\/kalisz-notariusz.pl\/index.php?rest_route=%2Fwp%2Fv2%2Fmedia&parent=59"}],"curies":[{"name":"wp","href":"https:\/\/api.w.org\/{rel}","templated":true}]}}